{"id":881,"date":"2017-12-01T16:32:33","date_gmt":"2017-12-01T16:32:33","guid":{"rendered":"http:\/\/designsundsvall.se\/?page_id=881"},"modified":"2018-02-20T00:22:15","modified_gmt":"2018-02-20T00:22:15","slug":"flimrande-bilder-tillrattalagda-av-bjorn-berge","status":"publish","type":"page","link":"https:\/\/designsundsvall.se\/?page_id=881","title":{"rendered":"Flimrande bilder \u2013 tillr\u00e4ttalagda av Bj\u00f6rn Berge"},"content":{"rendered":"<p class=\"p1\"><a href=\"https:\/\/designsundsvall.se\/wp-content\/uploads\/2017\/11\/Flimrande-bilder-omslag-fo\u0308rsta-sidan.jpg\"><img loading=\"lazy\" decoding=\"async\" class=\"alignleft wp-image-864\" src=\"https:\/\/designsundsvall.se\/wp-content\/uploads\/2017\/11\/Flimrande-bilder-omslag-fo\u0308rsta-sidan-637x1024.jpg\" alt=\"Flimrande bilder, omslag fo\u0308rsta-sidan\" width=\"382\" height=\"614\" srcset=\"https:\/\/designsundsvall.se\/wp-content\/uploads\/2017\/11\/Flimrande-bilder-omslag-fo\u0308rsta-sidan-637x1024.jpg 637w, https:\/\/designsundsvall.se\/wp-content\/uploads\/2017\/11\/Flimrande-bilder-omslag-fo\u0308rsta-sidan-186x300.jpg 186w, https:\/\/designsundsvall.se\/wp-content\/uploads\/2017\/11\/Flimrande-bilder-omslag-fo\u0308rsta-sidan.jpg 1580w\" sizes=\"auto, (max-width: 382px) 100vw, 382px\" \/><\/a><\/p>\n<p class=\"p1\">Den 2 december 2017 sl\u00e4pptes denna bok p\u00e5 Bokfestivalen i bokhandeln vid V\u00e4ng\u00e5van, Sundsvall, (Akademibokhandeln).<\/p>\n<p class=\"p1\">Det \u00e4r en bok av filmaren Bj\u00f6rn Berge d\u00e4r han ber\u00e4ttar om sin karri\u00e4r som filmare. Allt fr\u00e5n den enkla starten i Edsbyn, till utrikesresor och diverse k\u00e4ndisar framf\u00f6r kameralinsen. Den f\u00f6rsta riktiga filmen var \u201dSpelmannen\u201d med Bengt Axell fr\u00e5n Alfta i huvudrollen. I \u00f6vrigt var alla sk\u00e5despelare och statister fr\u00e5n H\u00e4lsingland, utom en person.<\/p>\n<p class=\"p1\">Bj\u00f6rn Berge \u00e4r en man med l\u00e5ng erfarenhet av produktion med svenska dokument\u00e4rer och m\u00e5nga \u00e5r som filmare \u00e5t SVT och TV4.<br \/>\nHan har en sp\u00e4nnande historia att ber\u00e4tta och dessutom skriver han underh\u00e5llande och tr\u00e4ffs\u00e4kert om sina m\u00f6ten med k\u00e4nda och ok\u00e4nda. Han \u00e4r inte bara en bra filmare utan ocks\u00e5 bra p\u00e5 att dramatisera.<br \/>\nDe senaste \u00e5ren har han bland annat producerat filmer som den om Frida St\u00e9enhoff \u201d<em>Sveriges f\u00f6rsta feminist<\/em>\u201d, \u201d<em>Bishop Hill \u2013 Swedish Colony<\/em>\u201d om massutvandringen fr\u00e5n H\u00e4lsingland till USA, samt filmen om ett riktigt h\u00e4lsingeoriginal, m\u00e5laren Lim-Johan.<\/p>\n<p class=\"p1\">Lagom till bokpremi\u00e4ren kommer ocks\u00e5 hans senaste film. En film om en bortgl\u00f6md del av J\u00e4mtlands historia. &#8221;<em>N\u00e4r J\u00e4mtland blev en destination<\/em>&#8221;.<br \/>\nTeatermannen och programledaren i radio, Lars T Johansson, avslutar baksidestexten till boken med orden: <em>&#8221;Tro nu bara inte att denna bok \u00e4r n\u00e5gon slags epilog. Nej han vandrar vidare med outsinlig energi \u2013 han \u00e4r ju fotograf.<\/em>&#8221; Vilket h\u00e4rmed bevisats.<\/p>\n<p class=\"p2\"><span class=\"s1\">I filmen om Bishop Hill anv\u00e4nde sig filmteamet av statister fr\u00e5n kommunkontoret i Alfta.<\/span><\/p>\n<p class=\"p2\"><span class=\"s1\">Bj\u00f6rn Berge var ocks\u00e5 jazz- och dansbandsmusiker, startade fotoaff\u00e4r och bokhandel i Edsbyn och var med och startade Sundsvalls Jazzklubb, en av landets st\u00f6rsta jazzklubbar.<\/span><\/p>\n<p class=\"p2\">S\u00e5 h\u00e4r skriver Sundsvalls Tidning om boken:<\/p>\n<p class=\"p2\"><strong><a href=\"http:\/\/www.st.nu\/kultur\/bocker\/bjorn-berge-skriver-minnen-fran-en-lang-filmargarning-en-bit-norrlandsk-filmhistoria\" target=\"_blank\">Som lokal kulturhistoria och tidsdokument \u00e4r boken l\u00e4sv\u00e4rd, viktig och underh\u00e5llande<\/a><\/strong><\/p>\n<p class=\"p2\"><a href=\"https:\/\/designsundsvall.se\/wp-content\/uploads\/2017\/11\/Flimrande-bilder-omslag-baksida.jpg\"><img loading=\"lazy\" decoding=\"async\" class=\"aligncenter size-large wp-image-865\" src=\"https:\/\/designsundsvall.se\/wp-content\/uploads\/2017\/11\/Flimrande-bilder-omslag-baksida-622x1024.jpg\" alt=\"Flimrande bilder, omslag baksida\" width=\"622\" height=\"1024\" srcset=\"https:\/\/designsundsvall.se\/wp-content\/uploads\/2017\/11\/Flimrande-bilder-omslag-baksida-622x1024.jpg 622w, https:\/\/designsundsvall.se\/wp-content\/uploads\/2017\/11\/Flimrande-bilder-omslag-baksida-182x300.jpg 182w, https:\/\/designsundsvall.se\/wp-content\/uploads\/2017\/11\/Flimrande-bilder-omslag-baksida.jpg 1544w\" sizes=\"auto, (max-width: 622px) 100vw, 622px\" \/><\/a><\/p>\n<div id=\"attachment_883\" style=\"width: 482px\" class=\"wp-caption aligncenter\"><a href=\"https:\/\/designsundsvall.se\/wp-content\/uploads\/2017\/12\/Sydney-Harbor-Bridge-1966-low-res.jpg\"><img loading=\"lazy\" decoding=\"async\" aria-describedby=\"caption-attachment-883\" class=\"size-full wp-image-883\" src=\"https:\/\/designsundsvall.se\/wp-content\/uploads\/2017\/12\/Sydney-Harbor-Bridge-1966-low-res.jpg\" alt=\"Det svenska teamet framf\u00f6r  Sidney Harbor Bridge 1966.  Fr.v. \u201dNicko\u201d Nilsson, Bj\u00f6rn  Berge och Ragnar Hedlund.\" width=\"472\" height=\"628\" srcset=\"https:\/\/designsundsvall.se\/wp-content\/uploads\/2017\/12\/Sydney-Harbor-Bridge-1966-low-res.jpg 472w, https:\/\/designsundsvall.se\/wp-content\/uploads\/2017\/12\/Sydney-Harbor-Bridge-1966-low-res-225x300.jpg 225w\" sizes=\"auto, (max-width: 472px) 100vw, 472px\" \/><\/a><p id=\"caption-attachment-883\" class=\"wp-caption-text\">Det svenska teamet framf\u00f6r Sidney Harbor Bridge 1966. Fr.v. \u201dNicko\u201d Nilsson, Bj\u00f6rn Berge och Ragnar Hedlund.<\/p><\/div>\n<p>&nbsp;<\/p>\n","protected":false},"excerpt":{"rendered":"<p>Den 2 december 2017 sl\u00e4pptes denna bok p\u00e5 Bokfestivalen i bokhandeln vid V\u00e4ng\u00e5van, Sundsvall, (Akademibokhandeln). Det \u00e4r en bok av filmaren Bj\u00f6rn Berge d\u00e4r han ber\u00e4ttar om sin karri\u00e4r som filmare. Allt fr\u00e5n den enkla starten i Edsbyn, till utrikesresor &hellip; <a href=\"https:\/\/designsundsvall.se\/?page_id=881\">Forts\u00e4tt l\u00e4sa <span class=\"meta-nav\">&rarr;<\/span><\/a><\/p>\n","protected":false},"author":1,"featured_media":0,"parent":382,"menu_order":0,"comment_status":"open","ping_status":"open","template":"","meta":{"footnotes":""},"class_list":["post-881","page","type-page","status-publish","hentry"],"post_mailing_queue_ids":[],"_links":{"self":[{"href":"https:\/\/designsundsvall.se\/index.php?rest_route=\/wp\/v2\/pages\/881","targetHints":{"allow":["GET"]}}],"collection":[{"href":"https:\/\/designsundsvall.se\/index.php?rest_route=\/wp\/v2\/pages"}],"about":[{"href":"https:\/\/designsundsvall.se\/index.php?rest_route=\/wp\/v2\/types\/page"}],"author":[{"embeddable":true,"href":"https:\/\/designsundsvall.se\/index.php?rest_route=\/wp\/v2\/users\/1"}],"replies":[{"embeddable":true,"href":"https:\/\/designsundsvall.se\/index.php?rest_route=%2Fwp%2Fv2%2Fcomments&post=881"}],"version-history":[{"count":6,"href":"https:\/\/designsundsvall.se\/index.php?rest_route=\/wp\/v2\/pages\/881\/revisions"}],"predecessor-version":[{"id":1175,"href":"https:\/\/designsundsvall.se\/index.php?rest_route=\/wp\/v2\/pages\/881\/revisions\/1175"}],"up":[{"embeddable":true,"href":"https:\/\/designsundsvall.se\/index.php?rest_route=\/wp\/v2\/pages\/382"}],"wp:attachment":[{"href":"https:\/\/designsundsvall.se\/index.php?rest_route=%2Fwp%2Fv2%2Fmedia&parent=881"}],"curies":[{"name":"wp","href":"https:\/\/api.w.org\/{rel}","templated":true}]}}