{"id":125,"date":"2011-07-14T13:18:56","date_gmt":"2011-07-14T13:18:56","guid":{"rendered":"http:\/\/designsundsvall.se\/?page_id=125"},"modified":"2023-10-31T20:59:03","modified_gmt":"2023-10-31T20:59:03","slug":"har-gjort","status":"publish","type":"page","link":"https:\/\/designsundsvall.se\/?page_id=125","title":{"rendered":"Har gjort &#8230;"},"content":{"rendered":"\n<p>Hopp f\u00f6r J\u00e4rva (2022)<\/p>\n\n\n\n<figure class=\"wp-block-image size-large is-resized\"><img loading=\"lazy\" decoding=\"async\" src=\"https:\/\/designsundsvall.se\/wp-content\/uploads\/2023\/10\/Hopp-Fa\u0308r-Ja\u0308rva-logotyp-1-1024x857.jpg\" alt=\"\" class=\"wp-image-1475\" width=\"204\" height=\"170\" srcset=\"https:\/\/designsundsvall.se\/wp-content\/uploads\/2023\/10\/Hopp-Fa\u0308r-Ja\u0308rva-logotyp-1-1024x857.jpg 1024w, https:\/\/designsundsvall.se\/wp-content\/uploads\/2023\/10\/Hopp-Fa\u0308r-Ja\u0308rva-logotyp-1-300x251.jpg 300w, https:\/\/designsundsvall.se\/wp-content\/uploads\/2023\/10\/Hopp-Fa\u0308r-Ja\u0308rva-logotyp-1-768x643.jpg 768w, https:\/\/designsundsvall.se\/wp-content\/uploads\/2023\/10\/Hopp-Fa\u0308r-Ja\u0308rva-logotyp-1-1536x1286.jpg 1536w, https:\/\/designsundsvall.se\/wp-content\/uploads\/2023\/10\/Hopp-Fa\u0308r-Ja\u0308rva-logotyp-1.jpg 1644w\" sizes=\"auto, (max-width: 204px) 100vw, 204px\" \/><\/figure>\n\n\n<p>\u00a0<\/p>\n<p><a href=\"https:\/\/designsundsvall.se\/wp-content\/uploads\/2011\/07\/imfine-logo.jpg\"><img loading=\"lazy\" decoding=\"async\" class=\"alignnone size-full wp-image-129\" title=\"imfine-logo\" src=\"https:\/\/designsundsvall.se\/wp-content\/uploads\/2011\/07\/imfine-logo.jpg\" alt=\"\" width=\"142\" height=\"142\" \/><\/a>I\u00b4m fine, en av landets f\u00f6rsta resebloggar. L\u00e4s mer <a title=\"BDU.nu\" href=\"http:\/\/bdu.nu\/?page_id=41\" target=\"_blank\" rel=\"noopener noreferrer\">h\u00e4r<\/a>.<\/p>\n<p><a href=\"https:\/\/designsundsvall.se\/wp-content\/uploads\/2011\/07\/Ifu.NY-f%C3%A4rg.jpg\"><img loading=\"lazy\" decoding=\"async\" class=\"alignnone size-full wp-image-131\" title=\"Ifu.NY-f\u00e4rg\" src=\"https:\/\/designsundsvall.se\/wp-content\/uploads\/2011\/07\/Ifu.NY-f%C3%A4rg.jpg\" alt=\"\" width=\"99\" height=\"122\" \/><\/a>Logo IFU (Institutet f\u00f6r f\u00f6rs\u00e4kringsutbildning).<\/p>\n<p><a href=\"https:\/\/designsundsvall.se\/wp-content\/uploads\/2011\/07\/Gatufesten_06.jpg\"><img loading=\"lazy\" decoding=\"async\" class=\"alignnone size-full wp-image-130\" title=\"Gatufesten light 260x370.indd\" src=\"https:\/\/designsundsvall.se\/wp-content\/uploads\/2011\/07\/Gatufesten_06.jpg\" alt=\"\" width=\"198\" height=\"272\" \/><\/a><br \/>Gatufesttidningen, designansvarig tillsammans med Camilla D\u00fcckhow.<\/p>\n<p><a href=\"https:\/\/designsundsvall.se\/wp-content\/uploads\/2011\/07\/Trofasttidningen_2010.jpg\"><img loading=\"lazy\" decoding=\"async\" class=\"alignnone size-full wp-image-134\" title=\"STT 090924 E1 A01.pdf\" src=\"https:\/\/designsundsvall.se\/wp-content\/uploads\/2011\/07\/Trofasttidningen_2010.jpg\" alt=\"\" width=\"198\" height=\"282\" \/><\/a><br \/>ST:s Trofasttidning, ny design, redigering Annalena Persson.<\/p>\n<p><a href=\"https:\/\/designsundsvall.se\/wp-content\/uploads\/2011\/07\/Stenstanstidningen_2009-1a.jpg\"><img loading=\"lazy\" decoding=\"async\" class=\"alignnone size-full wp-image-133\" title=\"Stenstanstidningen_2009-1a\" src=\"https:\/\/designsundsvall.se\/wp-content\/uploads\/2011\/07\/Stenstanstidningen_2009-1a.jpg\" alt=\"\" width=\"1159\" height=\"665\" srcset=\"https:\/\/designsundsvall.se\/wp-content\/uploads\/2011\/07\/Stenstanstidningen_2009-1a.jpg 1159w, https:\/\/designsundsvall.se\/wp-content\/uploads\/2011\/07\/Stenstanstidningen_2009-1a-300x172.jpg 300w, https:\/\/designsundsvall.se\/wp-content\/uploads\/2011\/07\/Stenstanstidningen_2009-1a-1024x587.jpg 1024w\" sizes=\"auto, (max-width: 1159px) 100vw, 1159px\" \/><\/a>Stenstanstidningen, projektledning, designansvar tillsammans med Annalena Persson.<\/p>\n<p>N\u00e4r jag slutade p\u00e5 Sundsvalls Tidning etablerade jag ett samarbete med Sundsvalls Nyheter, som fortsatte ge ut Stenstanstidningen, men d\u00e5 i tabloidformat. F\u00f6r den lite \u00e4ldre grafiska utformningen h\u00e4mtade vi inspiration i tidningen med samma namn som gavs ut i Sundsvall 1891 &#8211; 1893.<\/p>\n<p>Under drygt 15 \u00e5r har jag \u00e4ven varit verksam i organisationen Society for news Design.<\/p>\n<ul>\n<li>1993 &#8211; 1996 Ordf\u00f6rande i den skandinaviska avdelningen. <a title=\"www.snds.org\/\" href=\"www.snds.org\/\" target=\"_blank\" rel=\"noopener noreferrer\">www.snds.org\/<\/a><\/li>\n<li>1997 &#8211; 2002. Ledamot och sedan ordf\u00f6rande i den internationella styrelsen. <a title=\"www.snd.org\/\" href=\"www.snd.org\/\" target=\"_blank\" rel=\"noopener noreferrer\">www.snd.org\/<\/a><\/li>\n<li>F\u00f6rel\u00e4sare. Under dessa \u00e5r och senare, \u00e4ven flitigt anlitad som f\u00f6rel\u00e4sare i USA, Europa och Asien.<\/li>\n<li>I slutet av 1980-talet introducerade jag \u00e4ven datorgrafik\/informationsgrafik p\u00e5 Sundsvalls Tidning och skapade de f\u00f6rsta dagliga v\u00e4derkartorna.<\/li>\n<li>Tillsammans med orkesterledaren Stig Robertsson, initiativtagare till Entr\u00e9 Sundsvall.<\/li>\n<li>Gjorde f\u00f6rsta utredningen f\u00f6r ST kring elektronisk publicering. Projektledare f\u00f6r ST Online, senare. ST.nu.<\/li>\n<li>Skapade min f\u00f6rsta webbplats 1995 (numera www.snds.org, d\u00e5 l\u00e5g den p\u00e5 Swedish Connections webbhotell i Sundsvall).<\/li>\n<li>Jobbat mycket med kvalitetss\u00e4kring och anv\u00e4ndargr\u00e4nssnitt p\u00e5 webben.<\/li>\n<\/ul>\n<p>\u00a0<\/p>","protected":false},"excerpt":{"rendered":"<p>Hopp f\u00f6r J\u00e4rva (2022) \u00a0 I\u00b4m fine, en av landets f\u00f6rsta resebloggar. L\u00e4s mer h\u00e4r. Logo IFU (Institutet f\u00f6r f\u00f6rs\u00e4kringsutbildning). Gatufesttidningen, designansvarig tillsammans med Camilla D\u00fcckhow. ST:s Trofasttidning, ny design, redigering Annalena Persson. Stenstanstidningen, projektledning, designansvar tillsammans med Annalena Persson. &hellip; <a href=\"https:\/\/designsundsvall.se\/?page_id=125\">Forts\u00e4tt l\u00e4sa <span class=\"meta-nav\">&rarr;<\/span><\/a><\/p>\n","protected":false},"author":1,"featured_media":0,"parent":0,"menu_order":0,"comment_status":"open","ping_status":"open","template":"","meta":{"footnotes":""},"class_list":["post-125","page","type-page","status-publish","hentry"],"post_mailing_queue_ids":[],"_links":{"self":[{"href":"https:\/\/designsundsvall.se\/index.php?rest_route=\/wp\/v2\/pages\/125","targetHints":{"allow":["GET"]}}],"collection":[{"href":"https:\/\/designsundsvall.se\/index.php?rest_route=\/wp\/v2\/pages"}],"about":[{"href":"https:\/\/designsundsvall.se\/index.php?rest_route=\/wp\/v2\/types\/page"}],"author":[{"embeddable":true,"href":"https:\/\/designsundsvall.se\/index.php?rest_route=\/wp\/v2\/users\/1"}],"replies":[{"embeddable":true,"href":"https:\/\/designsundsvall.se\/index.php?rest_route=%2Fwp%2Fv2%2Fcomments&post=125"}],"version-history":[{"count":12,"href":"https:\/\/designsundsvall.se\/index.php?rest_route=\/wp\/v2\/pages\/125\/revisions"}],"predecessor-version":[{"id":1477,"href":"https:\/\/designsundsvall.se\/index.php?rest_route=\/wp\/v2\/pages\/125\/revisions\/1477"}],"wp:attachment":[{"href":"https:\/\/designsundsvall.se\/index.php?rest_route=%2Fwp%2Fv2%2Fmedia&parent=125"}],"curies":[{"name":"wp","href":"https:\/\/api.w.org\/{rel}","templated":true}]}}