{"id":1242,"date":"2020-10-20T18:40:15","date_gmt":"2020-10-20T18:40:15","guid":{"rendered":"http:\/\/designsundsvall.se\/?page_id=1242"},"modified":"2020-10-20T18:42:35","modified_gmt":"2020-10-20T18:42:35","slug":"lenins-guld-av-petter-osterlund","status":"publish","type":"page","link":"https:\/\/designsundsvall.se\/?page_id=1242","title":{"rendered":"Lenins Guld av Petter \u00d6sterlund"},"content":{"rendered":"\n<figure class=\"wp-block-image size-large is-resized\"><img loading=\"lazy\" decoding=\"async\" src=\"https:\/\/designsundsvall.se\/wp-content\/uploads\/2020\/10\/Omslag-Lenins-Guld.jpg\" alt=\"\" class=\"wp-image-1240\" width=\"258\" height=\"412\" srcset=\"https:\/\/designsundsvall.se\/wp-content\/uploads\/2020\/10\/Omslag-Lenins-Guld.jpg 461w, https:\/\/designsundsvall.se\/wp-content\/uploads\/2020\/10\/Omslag-Lenins-Guld-188x300.jpg 188w\" sizes=\"auto, (max-width: 258px) 100vw, 258px\" \/><\/figure>\n\n\n\n<p><strong>Petter \u00d6sterlund<\/strong> fr\u00e5n Sundsvall romandebuterar med en skr\u00f6na fr\u00e5n den stora revolutionens epok. <\/p>\n\n\n\n<p><strong>Lenins Guld<\/strong> heter den roman som inneb\u00e4r Petter \u00d6sterlunds f\u00f6rsta egentliga verk som sk\u00f6nlitter\u00e4r ber\u00e4ttare. Petter har tidigare gett ut en biografi om sk\u00e5despelerskan Ingrid Bergman och hennes liv med sin f\u00f6rsta man Petter Aron Lindstr\u00f6m, fr\u00e5n St\u00f6de i V\u00e4sternorrland. Han har ocks\u00e5 gett ut en rad b\u00f6cker och skrifter om fotografi och konst bland annat monografin \u00f6ver Emil Heilborns fotografier, utgiven 2003.<\/p>\n\n\n\n<p>Lenins Guld \u00e4r en roman som utspelar sig fritt i tid och rum med hela 1900-talet som fond. Ett s\u00e4rskilt avstamp finns i den ber\u00f6mda t\u00e5gresa genom Sverige som revolutionsledaren Vladimir Lenin f\u00f6retog sig genom hela Sverige fr\u00e5n Lund till Haparanda p\u00e5 v\u00e4g mot Petersburg f\u00f6r att ta bef\u00e4let \u00f6ver den revolution som just stod f\u00f6r d\u00f6rren.<\/p>\n\n\n\n<p>Fotografen Anders K\u00e4vstr\u00f6m fr\u00e5n Sundsvall dras med hull och h\u00e5r in i den hisnande ber\u00e4ttelse som har sin upprinnelse i Lenins t\u00e5gresa. Det hela blir till en vildsint och omtumlande resa som utspelar sig b\u00e5de i Moskva, Paris, Sundsvall och p\u00e5 kontinenten i stort \u2013 precis som inom Anders K\u00e4vstr\u00f6m sj\u00e4lv.<\/p>\n\n\n\n<p>Petter \u00d6sterlund har ett sj\u00e4lvklart grepp om sin historia som till lika delar \u00e4r en fantastisk skr\u00f6na tillika en politisk thriller d\u00e4r vem som helst kan visa sig vara din fiende eller v\u00e4n.<\/p>\n\n\n\n<p><strong>Baksidestext<\/strong><br>P\u00e5 senv\u00e5ren 1917 reser ett plomberat t\u00e5g genomSverige fr\u00e5n Malm\u00f6 till Haparanda. Ombord p\u00e5 t\u00e5get finns den ryske revolution\u00e4ren Lenin med sina n\u00e4rmaste medarbetare p\u00e5 v\u00e4g mot St Petersburg och den v\u00e4ntande oktoberrevolutionen. Med p\u00e5 t\u00e5get finns ocks\u00e5 en st\u00f6rre skatt best\u00e5ende av minst 26 miljoner tyska Mark i rent guld.<br>N\u00e5gonstans l\u00e4ngs den l\u00e5nga resan genom Sverige skiljer en av Lenins medarbetare av en del av skatten. N\u00e5got som m\u00e5nga \u00e5r senare leder till en lika ov\u00e4ntad som sansl\u00f6s jakt, inte bara p\u00e5 guldet, utan ocks\u00e5 p\u00e5 dess beskyddare.<br>I centrum st\u00e5r fotografen Anders K\u00e4vstr\u00f6m fr\u00e5n Sundsvall som av en slump hamnar mitt i det ryska spionn\u00e4t som vakar \u00f6ver guldet. Eller r\u00e4ttare sagt \u00f6ver den enda person som vet var skatten finns. N\u00e4r ett ov\u00e4ntat paket dyker upp hos fotografen<br>hemma i Sverige kan han inte motst\u00e5 frestelsen att f\u00f6lja de dolda sp\u00e5ren i f\u00f6rs\u00e4ndelsen. Trots att det ser ut som om paketet f\u00e4rdats i flera decennier och varv runt jorden. Sp\u00e5ren leder till en lika halsbrytande som osannolik h\u00e4ndelseutveckling, b\u00e5de p\u00e5 den ryska landsbygden och i den ryska huvudstaden \u2026 men ocks\u00e5 i huvudpersonens egen historia och k\u00e4nsloliv.<\/p>\n\n\n\n<p><em>Tomas Melander<\/em><\/p>\n","protected":false},"excerpt":{"rendered":"<p>Petter \u00d6sterlund fr\u00e5n Sundsvall romandebuterar med en skr\u00f6na fr\u00e5n den stora revolutionens epok. Lenins Guld heter den roman som inneb\u00e4r Petter \u00d6sterlunds f\u00f6rsta egentliga verk som sk\u00f6nlitter\u00e4r ber\u00e4ttare. Petter har tidigare gett ut en biografi om sk\u00e5despelerskan Ingrid Bergman och &hellip; <a href=\"https:\/\/designsundsvall.se\/?page_id=1242\">Forts\u00e4tt l\u00e4sa <span class=\"meta-nav\">&rarr;<\/span><\/a><\/p>\n","protected":false},"author":1,"featured_media":0,"parent":382,"menu_order":0,"comment_status":"closed","ping_status":"closed","template":"","meta":{"footnotes":""},"class_list":["post-1242","page","type-page","status-publish","hentry"],"post_mailing_queue_ids":[],"_links":{"self":[{"href":"https:\/\/designsundsvall.se\/index.php?rest_route=\/wp\/v2\/pages\/1242","targetHints":{"allow":["GET"]}}],"collection":[{"href":"https:\/\/designsundsvall.se\/index.php?rest_route=\/wp\/v2\/pages"}],"about":[{"href":"https:\/\/designsundsvall.se\/index.php?rest_route=\/wp\/v2\/types\/page"}],"author":[{"embeddable":true,"href":"https:\/\/designsundsvall.se\/index.php?rest_route=\/wp\/v2\/users\/1"}],"replies":[{"embeddable":true,"href":"https:\/\/designsundsvall.se\/index.php?rest_route=%2Fwp%2Fv2%2Fcomments&post=1242"}],"version-history":[{"count":1,"href":"https:\/\/designsundsvall.se\/index.php?rest_route=\/wp\/v2\/pages\/1242\/revisions"}],"predecessor-version":[{"id":1243,"href":"https:\/\/designsundsvall.se\/index.php?rest_route=\/wp\/v2\/pages\/1242\/revisions\/1243"}],"up":[{"embeddable":true,"href":"https:\/\/designsundsvall.se\/index.php?rest_route=\/wp\/v2\/pages\/382"}],"wp:attachment":[{"href":"https:\/\/designsundsvall.se\/index.php?rest_route=%2Fwp%2Fv2%2Fmedia&parent=1242"}],"curies":[{"name":"wp","href":"https:\/\/api.w.org\/{rel}","templated":true}]}}